{"id":8044,"date":"2025-03-26T15:02:50","date_gmt":"2025-03-26T15:02:50","guid":{"rendered":"https:\/\/www.hochreiter.cc\/?page_id=8044"},"modified":"2026-03-23T08:40:35","modified_gmt":"2026-03-23T08:40:35","slug":"produktsortiment","status":"publish","type":"page","link":"https:\/\/www.hochreiter.cc\/en\/produktsortiment\/","title":{"rendered":"Produktsortiment"},"content":{"rendered":"<div data-elementor-type=\"wp-page\" data-elementor-id=\"8044\" class=\"elementor elementor-8044\" data-elementor-post-type=\"page\">\n\t\t\t\t<div class=\"elementor-element elementor-element-6494cd6 e-flex e-con-boxed e-con e-parent\" data-id=\"6494cd6\" data-element_type=\"container\" data-e-type=\"container\" data-settings=\"{&quot;background_background&quot;:&quot;classic&quot;}\">\n\t\t\t\t\t<div class=\"e-con-inner\">\n\t\t<div class=\"elementor-element elementor-element-590d58e e-con-full e-flex e-con e-child\" data-id=\"590d58e\" data-element_type=\"container\" data-e-type=\"container\">\n\t\t\t\t<div class=\"elementor-element elementor-element-e309b5c elementor-widget elementor-widget-heading\" data-id=\"e309b5c\" data-element_type=\"widget\" data-e-type=\"widget\" data-widget_type=\"heading.default\">\n\t\t\t\t<div class=\"elementor-widget-container\">\n\t\t\t\t\t<h1 class=\"elementor-heading-title elementor-size-default\">Produktsortiment<\/h1>\t\t\t\t<\/div>\n\t\t\t\t<\/div>\n\t\t\t\t<div class=\"elementor-element elementor-element-7ef16b0 elementor-widget elementor-widget-heading\" data-id=\"7ef16b0\" data-element_type=\"widget\" data-e-type=\"widget\" data-widget_type=\"heading.default\">\n\t\t\t\t<div class=\"elementor-widget-container\">\n\t\t\t\t\t<h1 class=\"elementor-heading-title elementor-size-default\">\u00dcbersicht<\/h1>\t\t\t\t<\/div>\n\t\t\t\t<\/div>\n\t\t\t\t<\/div>\n\t\t\t\t\t<\/div>\n\t\t\t\t<\/div>\n\t\t<div class=\"elementor-element elementor-element-5d0187b6 e-grid e-con-boxed e-con e-parent\" data-id=\"5d0187b6\" data-element_type=\"container\" data-e-type=\"container\">\n\t\t\t\t\t<div class=\"e-con-inner\">\n\t\t\t\t<div class=\"elementor-element elementor-element-50c58711 elementor-cta--skin-cover elementor-cta--valign-bottom elementor-animated-content elementor-bg-transform elementor-bg-transform-zoom-in elementor-widget elementor-widget-call-to-action\" data-id=\"50c58711\" data-element_type=\"widget\" data-e-type=\"widget\" data-widget_type=\"call-to-action.default\">\n\t\t\t\t<div class=\"elementor-widget-container\">\n\t\t\t\t\t\t\t<div class=\"elementor-cta\">\n\t\t\t\t\t<div class=\"elementor-cta__bg-wrapper\">\n\t\t\t\t<div class=\"elementor-cta__bg elementor-bg\" style=\"background-image: url(https:\/\/www.hochreiter.cc\/wp-content\/uploads\/2018\/12\/header-hochreiter-salami-1024x461.jpg);\" role=\"img\" aria-label=\"Hochreiter Fleischwaren Salami\"><\/div>\n\t\t\t\t<div class=\"elementor-cta__bg-overlay\"><\/div>\n\t\t\t<\/div>\n\t\t\t\t\t\t\t<div class=\"elementor-cta__content\">\n\t\t\t\t\n\t\t\t\t\t\t\t\t\t<h2 class=\"elementor-cta__title elementor-cta__content-item elementor-content-item elementor-animated-item--grow\">\n\t\t\t\t\t\tSalami\t\t\t\t\t<\/h2>\n\t\t\t\t\n\t\t\t\t\t\t\t\t\t<div class=\"elementor-cta__description elementor-cta__content-item elementor-content-item elementor-animated-item--grow\">\n\t\t\t\t\t\tunser Kernprodukt in grenzenloser Vielfalt\t\t\t\t\t<\/div>\n\t\t\t\t\n\t\t\t\t\t\t\t\t\t<div class=\"elementor-cta__button-wrapper elementor-cta__content-item elementor-content-item elementor-animated-item--grow\">\n\t\t\t\t\t<a class=\"elementor-cta__button elementor-button elementor-size-\" href=\"\/en\/produkte-salami\/\">\n\t\t\t\t\t\tSortiment ansehen\t\t\t\t\t<\/a>\n\t\t\t\t\t<\/div>\n\t\t\t\t\t\t\t<\/div>\n\t\t\t\t\t\t<\/div>\n\t\t\t\t\t\t<\/div>\n\t\t\t\t<\/div>\n\t\t\t\t<div class=\"elementor-element elementor-element-e02cd6a elementor-cta--skin-cover elementor-cta--valign-bottom elementor-animated-content elementor-bg-transform elementor-bg-transform-zoom-in elementor-widget elementor-widget-call-to-action\" data-id=\"e02cd6a\" data-element_type=\"widget\" data-e-type=\"widget\" data-widget_type=\"call-to-action.default\">\n\t\t\t\t<div class=\"elementor-widget-container\">\n\t\t\t\t\t\t\t<div class=\"elementor-cta\">\n\t\t\t\t\t<div class=\"elementor-cta__bg-wrapper\">\n\t\t\t\t<div class=\"elementor-cta__bg elementor-bg\" style=\"background-image: url(https:\/\/www.hochreiter.cc\/wp-content\/uploads\/2020\/04\/schinken-header-1024x341.jpg);\" role=\"img\" aria-label=\"schinken-header\"><\/div>\n\t\t\t\t<div class=\"elementor-cta__bg-overlay\"><\/div>\n\t\t\t<\/div>\n\t\t\t\t\t\t\t<div class=\"elementor-cta__content\">\n\t\t\t\t\n\t\t\t\t\t\t\t\t\t<h2 class=\"elementor-cta__title elementor-cta__content-item elementor-content-item elementor-animated-item--grow\">\n\t\t\t\t\t\tHam\t\t\t\t\t<\/h2>\n\t\t\t\t\n\t\t\t\t\t\t\t\t\t<div class=\"elementor-cta__description elementor-cta__content-item elementor-content-item elementor-animated-item--grow\">\n\t\t\t\t\t\tje nach Anforderung und Geschmacksrichtung veredelt und sorgf\u00e4ltig verarbeitet.\t\t\t\t\t<\/div>\n\t\t\t\t\n\t\t\t\t\t\t\t\t\t<div class=\"elementor-cta__button-wrapper elementor-cta__content-item elementor-content-item elementor-animated-item--grow\">\n\t\t\t\t\t<a class=\"elementor-cta__button elementor-button elementor-size-\" href=\"\/en\/produkte-schinken\/\">\n\t\t\t\t\t\tSortiment ansehen\t\t\t\t\t<\/a>\n\t\t\t\t\t<\/div>\n\t\t\t\t\t\t\t<\/div>\n\t\t\t\t\t\t<\/div>\n\t\t\t\t\t\t<\/div>\n\t\t\t\t<\/div>\n\t\t\t\t<div class=\"elementor-element elementor-element-8cba227 elementor-cta--skin-cover elementor-cta--valign-bottom elementor-animated-content elementor-bg-transform elementor-bg-transform-zoom-in elementor-widget elementor-widget-call-to-action\" data-id=\"8cba227\" data-element_type=\"widget\" data-e-type=\"widget\" data-widget_type=\"call-to-action.default\">\n\t\t\t\t<div class=\"elementor-widget-container\">\n\t\t\t\t\t\t\t<div class=\"elementor-cta\">\n\t\t\t\t\t<div class=\"elementor-cta__bg-wrapper\">\n\t\t\t\t<div class=\"elementor-cta__bg elementor-bg\" style=\"background-image: url(https:\/\/www.hochreiter.cc\/wp-content\/uploads\/2020\/04\/Bacon-header-1024x341.jpg);\" role=\"img\" aria-label=\"Bacon-header\"><\/div>\n\t\t\t\t<div class=\"elementor-cta__bg-overlay\"><\/div>\n\t\t\t<\/div>\n\t\t\t\t\t\t\t<div class=\"elementor-cta__content\">\n\t\t\t\t\n\t\t\t\t\t\t\t\t\t<h2 class=\"elementor-cta__title elementor-cta__content-item elementor-content-item elementor-animated-item--grow\">\n\t\t\t\t\t\tSpeck\t\t\t\t\t<\/h2>\n\t\t\t\t\n\t\t\t\t\t\t\t\t\t<div class=\"elementor-cta__description elementor-cta__content-item elementor-content-item elementor-animated-item--grow\">\n\t\t\t\t\t\tFeine Fleischteile werden entsprechend gew\u00fcrzt und von unseren Fachleuten veredelt.\t\t\t\t\t<\/div>\n\t\t\t\t\n\t\t\t\t\t\t\t\t\t<div class=\"elementor-cta__button-wrapper elementor-cta__content-item elementor-content-item elementor-animated-item--grow\">\n\t\t\t\t\t<a class=\"elementor-cta__button elementor-button elementor-size-\" href=\"\/en\/produkte-bacon\/\">\n\t\t\t\t\t\tSortiment ansehen\t\t\t\t\t<\/a>\n\t\t\t\t\t<\/div>\n\t\t\t\t\t\t\t<\/div>\n\t\t\t\t\t\t<\/div>\n\t\t\t\t\t\t<\/div>\n\t\t\t\t<\/div>\n\t\t\t\t<div class=\"elementor-element elementor-element-f5e4f72 elementor-cta--skin-cover elementor-cta--valign-bottom elementor-animated-content elementor-bg-transform elementor-bg-transform-zoom-in elementor-widget elementor-widget-call-to-action\" data-id=\"f5e4f72\" data-element_type=\"widget\" data-e-type=\"widget\" data-widget_type=\"call-to-action.default\">\n\t\t\t\t<div class=\"elementor-widget-container\">\n\t\t\t\t\t\t\t<div class=\"elementor-cta\">\n\t\t\t\t\t<div class=\"elementor-cta__bg-wrapper\">\n\t\t\t\t<div class=\"elementor-cta__bg elementor-bg\" style=\"background-image: url(https:\/\/www.hochreiter.cc\/wp-content\/uploads\/2018\/11\/header-hotdog.jpg);\" role=\"img\" aria-label=\"Hochreiter Fleischwaren Hotdogs W\u00fcrste\"><\/div>\n\t\t\t\t<div class=\"elementor-cta__bg-overlay\"><\/div>\n\t\t\t<\/div>\n\t\t\t\t\t\t\t<div class=\"elementor-cta__content\">\n\t\t\t\t\n\t\t\t\t\t\t\t\t\t<h2 class=\"elementor-cta__title elementor-cta__content-item elementor-content-item elementor-animated-item--grow\">\n\t\t\t\t\t\tW\u00fcrste\t\t\t\t\t<\/h2>\n\t\t\t\t\n\t\t\t\t\t\t\t\t\t<div class=\"elementor-cta__description elementor-cta__content-item elementor-content-item elementor-animated-item--grow\">\n\t\t\t\t\t\tfeiner, unverwechselbarer Geschmack und die Auswahl bester Rohstoffe\t\t\t\t\t<\/div>\n\t\t\t\t\n\t\t\t\t\t\t\t\t\t<div class=\"elementor-cta__button-wrapper elementor-cta__content-item elementor-content-item elementor-animated-item--grow\">\n\t\t\t\t\t<a class=\"elementor-cta__button elementor-button elementor-size-\" href=\"\/en\/produkte-wuerste-hot-dogs-kaesekrainer-bernerwuerstel\/\">\n\t\t\t\t\t\tSortiment ansehen\t\t\t\t\t<\/a>\n\t\t\t\t\t<\/div>\n\t\t\t\t\t\t\t<\/div>\n\t\t\t\t\t\t<\/div>\n\t\t\t\t\t\t<\/div>\n\t\t\t\t<\/div>\n\t\t\t\t<div class=\"elementor-element elementor-element-e25d77f elementor-cta--skin-cover elementor-cta--valign-bottom elementor-animated-content elementor-bg-transform elementor-bg-transform-zoom-in elementor-widget elementor-widget-call-to-action\" data-id=\"e25d77f\" data-element_type=\"widget\" data-e-type=\"widget\" data-widget_type=\"call-to-action.default\">\n\t\t\t\t<div class=\"elementor-widget-container\">\n\t\t\t\t\t\t\t<div class=\"elementor-cta\">\n\t\t\t\t\t<div class=\"elementor-cta__bg-wrapper\">\n\t\t\t\t<div class=\"elementor-cta__bg elementor-bg\" style=\"background-image: url(https:\/\/www.hochreiter.cc\/wp-content\/uploads\/2021\/09\/Gyros-header-1-1024x461.jpg);\" role=\"img\" aria-label=\"Gyros-header\"><\/div>\n\t\t\t\t<div class=\"elementor-cta__bg-overlay\"><\/div>\n\t\t\t<\/div>\n\t\t\t\t\t\t\t<div class=\"elementor-cta__content\">\n\t\t\t\t\n\t\t\t\t\t\t\t\t\t<h2 class=\"elementor-cta__title elementor-cta__content-item elementor-content-item elementor-animated-item--grow\">\n\t\t\t\t\t\tConvenience\t\t\t\t\t<\/h2>\n\t\t\t\t\n\t\t\t\t\t\t\t\t\t<div class=\"elementor-cta__description elementor-cta__content-item elementor-content-item elementor-animated-item--grow\">\n\t\t\t\t\t\tHerzhaft gebratene oder schonend gegarte Streifen oder W\u00fcrfel aus zarter H\u00e4hnchen- oder Truthahnbrust.\t\t\t\t\t<\/div>\n\t\t\t\t\n\t\t\t\t\t\t\t\t\t<div class=\"elementor-cta__button-wrapper elementor-cta__content-item elementor-content-item elementor-animated-item--grow\">\n\t\t\t\t\t<a class=\"elementor-cta__button elementor-button elementor-size-\" href=\"\/en\/convenience-fleisch\/\">\n\t\t\t\t\t\tSortiment ansehen\t\t\t\t\t<\/a>\n\t\t\t\t\t<\/div>\n\t\t\t\t\t\t\t<\/div>\n\t\t\t\t\t\t<\/div>\n\t\t\t\t\t\t<\/div>\n\t\t\t\t<\/div>\n\t\t\t\t<div class=\"elementor-element elementor-element-a05dd4b elementor-cta--skin-cover elementor-cta--valign-bottom elementor-animated-content elementor-bg-transform elementor-bg-transform-zoom-in elementor-widget elementor-widget-call-to-action\" data-id=\"a05dd4b\" data-element_type=\"widget\" data-e-type=\"widget\" data-widget_type=\"call-to-action.default\">\n\t\t\t\t<div class=\"elementor-widget-container\">\n\t\t\t\t\t\t\t<div class=\"elementor-cta\">\n\t\t\t\t\t<div class=\"elementor-cta__bg-wrapper\">\n\t\t\t\t<div class=\"elementor-cta__bg elementor-bg\" style=\"background-image: url(https:\/\/www.hochreiter.cc\/wp-content\/uploads\/2019\/04\/wurstsalat-2-1024x461.jpg);\" role=\"img\" aria-label=\"Hochreiter Fleischwaren Wurstsalat\"><\/div>\n\t\t\t\t<div class=\"elementor-cta__bg-overlay\"><\/div>\n\t\t\t<\/div>\n\t\t\t\t\t\t\t<div class=\"elementor-cta__content\">\n\t\t\t\t\n\t\t\t\t\t\t\t\t\t<h2 class=\"elementor-cta__title elementor-cta__content-item elementor-content-item elementor-animated-item--grow\">\n\t\t\t\t\t\tSausage meat\t\t\t\t\t<\/h2>\n\t\t\t\t\n\t\t\t\t\t\t\t\t\t<div class=\"elementor-cta__description elementor-cta__content-item elementor-content-item elementor-animated-item--grow\">\n\t\t\t\t\t\tDie perfekte Grundlage f\u00fcr jede Art von Fleischsalat und macht diesen zum besonderen Leckerbissen.\t\t\t\t\t<\/div>\n\t\t\t\t\n\t\t\t\t\t\t\t\t\t<div class=\"elementor-cta__button-wrapper elementor-cta__content-item elementor-content-item elementor-animated-item--grow\">\n\t\t\t\t\t<a class=\"elementor-cta__button elementor-button elementor-size-\" href=\"\/en\/produkte-fleischbraet\/\">\n\t\t\t\t\t\tSortiment ansehen\t\t\t\t\t<\/a>\n\t\t\t\t\t<\/div>\n\t\t\t\t\t\t\t<\/div>\n\t\t\t\t\t\t<\/div>\n\t\t\t\t\t\t<\/div>\n\t\t\t\t<\/div>\n\t\t\t\t\t<\/div>\n\t\t\t\t<\/div>\n\t\t\t\t<\/div>","protected":false},"excerpt":{"rendered":"<p>Produktsortiment \u00dcbersicht Salami unser Kernprodukt in grenzenloser Vielfalt Sortiment ansehen Schinken je nach Anforderung und Geschmacksrichtung veredelt und sorgf\u00e4ltig verarbeitet. Sortiment ansehen Speck Feine Fleischteile werden entsprechend gew\u00fcrzt und von unseren Fachleuten veredelt. Sortiment ansehen W\u00fcrste feiner, unverwechselbarer Geschmack und die Auswahl bester Rohstoffe Sortiment ansehen Convenience Herzhaft gebratene oder schonend gegarte Streifen oder W\u00fcrfel [&hellip;]<\/p>\n","protected":false},"author":1,"featured_media":0,"parent":0,"menu_order":0,"comment_status":"closed","ping_status":"closed","template":"elementor_header_footer","meta":{"footnotes":""},"class_list":["post-8044","page","type-page","status-publish","hentry"],"yoast_head":"<!-- This site is optimized with the Yoast SEO plugin v27.3 - https:\/\/yoast.com\/product\/yoast-seo-wordpress\/ -->\n<title>Produktsortiment - Hochreiter<\/title>\n<meta name=\"robots\" content=\"index, follow, max-snippet:-1, max-image-preview:large, max-video-preview:-1\" \/>\n<link rel=\"canonical\" href=\"https:\/\/www.hochreiter.cc\/en\/produktsortiment\/\" \/>\n<meta property=\"og:locale\" content=\"en_US\" \/>\n<meta property=\"og:type\" content=\"article\" \/>\n<meta property=\"og:title\" content=\"Produktsortiment - Hochreiter\" \/>\n<meta property=\"og:description\" content=\"Produktsortiment \u00dcbersicht Salami unser Kernprodukt in grenzenloser Vielfalt Sortiment ansehen Schinken je nach Anforderung und Geschmacksrichtung veredelt und sorgf\u00e4ltig verarbeitet. Sortiment ansehen Speck Feine Fleischteile werden entsprechend gew\u00fcrzt und von unseren Fachleuten veredelt. Sortiment ansehen W\u00fcrste feiner, unverwechselbarer Geschmack und die Auswahl bester Rohstoffe Sortiment ansehen Convenience Herzhaft gebratene oder schonend gegarte Streifen oder W\u00fcrfel [&hellip;]\" \/>\n<meta property=\"og:url\" content=\"https:\/\/www.hochreiter.cc\/en\/produktsortiment\/\" \/>\n<meta property=\"og:site_name\" content=\"Hochreiter\" \/>\n<meta property=\"article:modified_time\" content=\"2026-03-23T08:40:35+00:00\" \/>\n<meta name=\"twitter:card\" content=\"summary_large_image\" \/>\n<meta name=\"twitter:label1\" content=\"Est. reading time\" \/>\n\t<meta name=\"twitter:data1\" content=\"1 minute\" \/>\n<script type=\"application\/ld+json\" class=\"yoast-schema-graph\">{\"@context\":\"https:\\\/\\\/schema.org\",\"@graph\":[{\"@type\":\"WebPage\",\"@id\":\"https:\\\/\\\/www.hochreiter.cc\\\/produktsortiment\\\/\",\"url\":\"https:\\\/\\\/www.hochreiter.cc\\\/produktsortiment\\\/\",\"name\":\"Produktsortiment - Hochreiter\",\"isPartOf\":{\"@id\":\"https:\\\/\\\/www.hochreiter.cc\\\/#website\"},\"datePublished\":\"2025-03-26T15:02:50+00:00\",\"dateModified\":\"2026-03-23T08:40:35+00:00\",\"breadcrumb\":{\"@id\":\"https:\\\/\\\/www.hochreiter.cc\\\/produktsortiment\\\/#breadcrumb\"},\"inLanguage\":\"en-US\",\"potentialAction\":[{\"@type\":\"ReadAction\",\"target\":[\"https:\\\/\\\/www.hochreiter.cc\\\/produktsortiment\\\/\"]}]},{\"@type\":\"BreadcrumbList\",\"@id\":\"https:\\\/\\\/www.hochreiter.cc\\\/produktsortiment\\\/#breadcrumb\",\"itemListElement\":[{\"@type\":\"ListItem\",\"position\":1,\"name\":\"Startseite\",\"item\":\"https:\\\/\\\/www.hochreiter.cc\\\/\"},{\"@type\":\"ListItem\",\"position\":2,\"name\":\"Produktsortiment\"}]},{\"@type\":\"WebSite\",\"@id\":\"https:\\\/\\\/www.hochreiter.cc\\\/#website\",\"url\":\"https:\\\/\\\/www.hochreiter.cc\\\/\",\"name\":\"Hochreiter\",\"description\":\"Das Beste F\u00fcr ihr Produkt\",\"potentialAction\":[{\"@type\":\"SearchAction\",\"target\":{\"@type\":\"EntryPoint\",\"urlTemplate\":\"https:\\\/\\\/www.hochreiter.cc\\\/?s={search_term_string}\"},\"query-input\":{\"@type\":\"PropertyValueSpecification\",\"valueRequired\":true,\"valueName\":\"search_term_string\"}}],\"inLanguage\":\"en-US\"}]}<\/script>\n<!-- \/ Yoast SEO plugin. -->","yoast_head_json":{"title":"Produktsortiment - Hochreiter","robots":{"index":"index","follow":"follow","max-snippet":"max-snippet:-1","max-image-preview":"max-image-preview:large","max-video-preview":"max-video-preview:-1"},"canonical":"https:\/\/www.hochreiter.cc\/en\/produktsortiment\/","og_locale":"en_US","og_type":"article","og_title":"Produktsortiment - Hochreiter","og_description":"Produktsortiment \u00dcbersicht Salami unser Kernprodukt in grenzenloser Vielfalt Sortiment ansehen Schinken je nach Anforderung und Geschmacksrichtung veredelt und sorgf\u00e4ltig verarbeitet. Sortiment ansehen Speck Feine Fleischteile werden entsprechend gew\u00fcrzt und von unseren Fachleuten veredelt. Sortiment ansehen W\u00fcrste feiner, unverwechselbarer Geschmack und die Auswahl bester Rohstoffe Sortiment ansehen Convenience Herzhaft gebratene oder schonend gegarte Streifen oder W\u00fcrfel [&hellip;]","og_url":"https:\/\/www.hochreiter.cc\/en\/produktsortiment\/","og_site_name":"Hochreiter","article_modified_time":"2026-03-23T08:40:35+00:00","twitter_card":"summary_large_image","twitter_misc":{"Est. reading time":"1 minute"},"schema":{"@context":"https:\/\/schema.org","@graph":[{"@type":"WebPage","@id":"https:\/\/www.hochreiter.cc\/produktsortiment\/","url":"https:\/\/www.hochreiter.cc\/produktsortiment\/","name":"Produktsortiment - Hochreiter","isPartOf":{"@id":"https:\/\/www.hochreiter.cc\/#website"},"datePublished":"2025-03-26T15:02:50+00:00","dateModified":"2026-03-23T08:40:35+00:00","breadcrumb":{"@id":"https:\/\/www.hochreiter.cc\/produktsortiment\/#breadcrumb"},"inLanguage":"en-US","potentialAction":[{"@type":"ReadAction","target":["https:\/\/www.hochreiter.cc\/produktsortiment\/"]}]},{"@type":"BreadcrumbList","@id":"https:\/\/www.hochreiter.cc\/produktsortiment\/#breadcrumb","itemListElement":[{"@type":"ListItem","position":1,"name":"Startseite","item":"https:\/\/www.hochreiter.cc\/"},{"@type":"ListItem","position":2,"name":"Produktsortiment"}]},{"@type":"WebSite","@id":"https:\/\/www.hochreiter.cc\/#website","url":"https:\/\/www.hochreiter.cc\/","name":"Hochreiter","description":"Das Beste F\u00fcr ihr Produkt","potentialAction":[{"@type":"SearchAction","target":{"@type":"EntryPoint","urlTemplate":"https:\/\/www.hochreiter.cc\/?s={search_term_string}"},"query-input":{"@type":"PropertyValueSpecification","valueRequired":true,"valueName":"search_term_string"}}],"inLanguage":"en-US"}]}},"_links":{"self":[{"href":"https:\/\/www.hochreiter.cc\/en\/wp-json\/wp\/v2\/pages\/8044","targetHints":{"allow":["GET"]}}],"collection":[{"href":"https:\/\/www.hochreiter.cc\/en\/wp-json\/wp\/v2\/pages"}],"about":[{"href":"https:\/\/www.hochreiter.cc\/en\/wp-json\/wp\/v2\/types\/page"}],"author":[{"embeddable":true,"href":"https:\/\/www.hochreiter.cc\/en\/wp-json\/wp\/v2\/users\/1"}],"replies":[{"embeddable":true,"href":"https:\/\/www.hochreiter.cc\/en\/wp-json\/wp\/v2\/comments?post=8044"}],"version-history":[{"count":49,"href":"https:\/\/www.hochreiter.cc\/en\/wp-json\/wp\/v2\/pages\/8044\/revisions"}],"predecessor-version":[{"id":9315,"href":"https:\/\/www.hochreiter.cc\/en\/wp-json\/wp\/v2\/pages\/8044\/revisions\/9315"}],"wp:attachment":[{"href":"https:\/\/www.hochreiter.cc\/en\/wp-json\/wp\/v2\/media?parent=8044"}],"curies":[{"name":"wp","href":"https:\/\/api.w.org\/{rel}","templated":true}]}}